{"id":388,"date":"2024-06-19T01:07:20","date_gmt":"2024-06-19T01:07:20","guid":{"rendered":"http:\/\/52.22.53.125\/events\/"},"modified":"2024-07-24T23:32:56","modified_gmt":"2024-07-24T23:32:56","slug":"eventos","status":"publish","type":"page","link":"https:\/\/miamipres.org\/en\/eventos\/","title":{"rendered":"Events"},"content":{"rendered":"<div data-elementor-type=\"wp-page\" data-elementor-id=\"388\" class=\"elementor elementor-388\">\n\t\t\t\t<div class=\"elementor-element elementor-element-6435f74 e-flex e-con-boxed e-con e-parent\" data-id=\"6435f74\" data-element_type=\"container\" data-settings=\"{&quot;background_background&quot;:&quot;classic&quot;}\">\n\t\t\t\t\t<div class=\"e-con-inner\">\n\t\t<div class=\"elementor-element elementor-element-beaa6ad e-con-full e-flex e-con e-child\" data-id=\"beaa6ad\" data-element_type=\"container\">\n\t\t\t\t<div class=\"elementor-element elementor-element-cf985aa elementor-widget elementor-widget-heading\" data-id=\"cf985aa\" data-element_type=\"widget\" data-widget_type=\"heading.default\">\n\t\t\t\t<div class=\"elementor-widget-container\">\n\t\t\t<style>\/*! elementor - v3.22.0 - 17-06-2024 *\/\n.elementor-heading-title{padding:0;margin:0;line-height:1}.elementor-widget-heading .elementor-heading-title[class*=elementor-size-]>a{color:inherit;font-size:inherit;line-height:inherit}.elementor-widget-heading .elementor-heading-title.elementor-size-small{font-size:15px}.elementor-widget-heading .elementor-heading-title.elementor-size-medium{font-size:19px}.elementor-widget-heading .elementor-heading-title.elementor-size-large{font-size:29px}.elementor-widget-heading .elementor-heading-title.elementor-size-xl{font-size:39px}.elementor-widget-heading .elementor-heading-title.elementor-size-xxl{font-size:59px}<\/style><h4 class=\"elementor-heading-title elementor-size-default\">\"Discover Featured Events and Upcoming Events at the Church. Join our activities and celebrate with us. Check our events calendar and register now.\"<\/h4>\t\t<\/div>\n\t\t\t\t<\/div>\n\t\t\t\t<\/div>\n\t\t\t\t\t<\/div>\n\t\t\t\t<\/div>\n\t\t<div class=\"elementor-element elementor-element-2683ed5 e-flex e-con-boxed e-con e-parent\" data-id=\"2683ed5\" data-element_type=\"container\" data-settings=\"{&quot;background_background&quot;:&quot;classic&quot;}\">\n\t\t\t\t\t<div class=\"e-con-inner\">\n\t\t<div class=\"elementor-element elementor-element-9ba8c11 e-con-full e-flex e-con e-child\" data-id=\"9ba8c11\" data-element_type=\"container\">\n\t\t<div class=\"elementor-element elementor-element-98f32ee e-con-full e-flex e-con e-child\" data-id=\"98f32ee\" data-element_type=\"container\" data-settings=\"{&quot;background_background&quot;:&quot;classic&quot;}\">\n\t\t\t\t<div class=\"elementor-element elementor-element-e96410a elementor-widget elementor-widget-heading\" data-id=\"e96410a\" data-element_type=\"widget\" data-widget_type=\"heading.default\">\n\t\t\t\t<div class=\"elementor-widget-container\">\n\t\t\t<h5 class=\"elementor-heading-title elementor-size-default\">\"Seeing how our community celebrates and grows together is truly inspiring.\"<\/h5>\t\t<\/div>\n\t\t\t\t<\/div>\n\t\t\t\t<div class=\"elementor-element elementor-element-3725416 elementor-widget elementor-widget-heading\" data-id=\"3725416\" data-element_type=\"widget\" data-widget_type=\"heading.default\">\n\t\t\t\t<div class=\"elementor-widget-container\">\n\t\t\t<h4 class=\"elementor-heading-title elementor-size-default\">\"Featured Events\"<\/h4>\t\t<\/div>\n\t\t\t\t<\/div>\n\t\t\t\t<div class=\"elementor-element elementor-element-44994cf elementor-widget elementor-widget-shortcode\" data-id=\"44994cf\" data-element_type=\"widget\" data-widget_type=\"shortcode.default\">\n\t\t\t\t<div class=\"elementor-widget-container\">\n\t\t\t\t\t<div class=\"elementor-shortcode\"><div class=\"event_listings\" data-location=\"\" data-keywords=\"\" data-show_filters=\"true\" data-show_pagination=\"false\" data-per_page=\"10\" data-orderby=\"meta_value\" data-order=\"ASC\" data-datetimes=\"\" data-categories=\"\" data-event_types=\"\" data-ticket_prices=\"\" data-event_online=\"\" >\r\n<form class=\"wpem-main wpem-form-wrapper wpem-event-filter-wrapper event_filters\" id=\"event_filters\" action=\"\">\r\n\t\t<div class=\"search_events search-form-container\">\r\n\t\t\t\t<div class=\"wpem-row\">\r\n\t\t\t<!-- Search by keywords section start -->\r\n\t\t\t<div class=\"wpem-col\">\r\n\t\t\t\t<!-- shows default keywords text field  start-->\r\n\t\t\t\t<div class=\"wpem-form-group\">\r\n\t\t\t\t\t<label for=\"search_keywords\" class=\"wpem-form-label\">Keywords<\/label>\r\n\t\t\t\t\t<input type=\"text\" name=\"search_keywords\" id=\"search_keywords\" placeholder=\"Keywords\" value=\"\" \/>\r\n\t\t\t\t<\/div>\r\n\t\t\t\t<!-- shows default keywords text field end -->\r\n\t\t\t<\/div>\r\n\t\t\t<!-- Search by keywords section end-->\r\n\r\n\t\t\t<!-- Search by location section start -->\r\n\t\t\t<div class=\"wpem-col\">\r\n\t\t\t\t<div class=\"wpem-form-group wpem-location-container\">\r\n\t\t\t\t\t<label for=\"search_location\" class=\"wpem-form-label\">Location<\/label>\r\n\t\t\t\t\t<input type=\"text\" name=\"search_location\" id=\"search_location\" placeholder=\"Location\" value=\"\" \/>\r\n\t\t\t\t<\/div>\r\n\t\t\t<\/div>\r\n\t\t\t<!-- Search by location section end -->\r\n\r\n\t\t\t<!-- Search by date section start -->\r\n\t\t\t\r\n\t\t\t\t<div class=\"wpem-col\">\r\n\t\t\t\t\t<div class=\"wpem-form-group\">\r\n\t\t\t\t\t\t<label for=\"search_datetimes\" class=\"wpem-form-label\">Any dates<\/label>\r\n\t\t\t\t\t\t<input type=\"text\" name=\"search_datetimes[]\" id=\"search_datetimes\" value='' class=\"event-manager-category-dropdown date_range_picker\">\r\n\t\t\t\t\t<\/div>\r\n\t\t\t\t<\/div>\r\n\t\t\t\t\t\t<!-- Search by date section end -->\r\n\r\n\t\t<\/div> <!-- \/row -->\r\n\t\t<div class=\"wpem-row\">\r\n\t\t\t<!-- Search by event categories section start -->\r\n\t\t\t\t\t\t\t<div class=\"wpem-col\">\r\n\t\t\t\t\t<div class=\"wpem-form-group\">\r\n\t\t\t\t\t\t<label for=\"search_categories\" class=\"wpem-form-label\">Category<\/label>\r\n\t\t\t\t\t\t<select name='search_categories[]' id='search_categories' class='event-manager-category-dropdown'  data-placeholder='Choose a Category' data-no_results_text='No results match' data-multiple_text='Choose a Category'>\n<option value=\"\">Choose an Event Category<\/option>\t<option class=\"level-0\" value=\"business-professional\">Negocios y Profesion<\/option>\n\t<option class=\"level-0\" value=\"charity-causes\">Charity &amp; Causes<\/option>\n\t<option class=\"level-0\" value=\"community-culture\">Community &amp; Culture<\/option>\n\t<option class=\"level-0\" value=\"family-education\">Family &amp; Education<\/option>\n\t<option class=\"level-0\" value=\"fashion-beauty\">Fashion &amp; Beauty<\/option>\n\t<option class=\"level-0\" value=\"film-media-entertainment\">Film, Media &amp; Entertainment<\/option>\n\t<option class=\"level-0\" value=\"food-drink\">Food &amp; Drink<\/option>\n\t<option class=\"level-0\" value=\"game-or-competition\">Game or Competition<\/option>\n\t<option class=\"level-0\" value=\"other\">Other<\/option>\n\t<option class=\"level-0\" value=\"performing-visual-arts\">Performing &amp; Visual Arts<\/option>\n\t<option class=\"level-0\" value=\"science-technology\">Science &amp; Technology<\/option>\n\t<option class=\"level-0\" value=\"sports-fitness\">Sports &amp; Fitness<\/option>\n<\/select>\n\t\t\t\t\t<\/div>\r\n\t\t\t\t<\/div>\r\n\t\t\t\t\t\t<!-- Search by event categories section end -->\r\n\r\n\t\t\t<!-- Search by event type section start -->\r\n\t\t\t\t\t\t\t<div class=\"wpem-col\">\r\n\t\t\t\t\t<div class=\"wpem-form-group\">\r\n\t\t\t\t\t\t<label for=\"search_event_types\" class=\"wpem-form-label\">Event Type<\/label>\r\n\t\t\t\t\t\t<select name='search_event_types[]' id='search_event_types' class='event-manager-category-dropdown'  data-placeholder='Choose an event type' data-no_results_text='No results match' data-multiple_text='Choose an event type'>\n<option value=\"\">Choose an Event Type<\/option>\t<option class=\"level-0\" value=\"appearance-or-signing\">Appearance or Signing<\/option>\n\t<option class=\"level-0\" value=\"attraction\">Attraction<\/option>\n\t<option class=\"level-0\" value=\"camp-trip-or-retreat\">Camp, Trip, or Retreat<\/option>\n\t<option class=\"level-0\" value=\"class-training-or-workshop\">Class, Training, or Workshop<\/option>\n\t<option class=\"level-0\" value=\"concert-or-performance\">Concert or Performance<\/option>\n\t<option class=\"level-0\" value=\"conference\">Conference<\/option>\n\t<option class=\"level-0\" value=\"convention\">Convention<\/option>\n\t<option class=\"level-0\" value=\"dinner-or-gala\">Dinner or Gala<\/option>\n\t<option class=\"level-0\" value=\"festival-or-fair\">Festival or Fair<\/option>\n\t<option class=\"level-0\" value=\"game-or-competition\">Game or Competition<\/option>\n\t<option class=\"level-0\" value=\"meeting-or-networking-event\">Meeting or Networking Event<\/option>\n\t<option class=\"level-0\" value=\"other\">Other<\/option>\n\t<option class=\"level-0\" value=\"party-or-social-gathering\">Party or Social Gathering<\/option>\n\t<option class=\"level-0\" value=\"race-or-endurance-event\">Race or Endurance Event<\/option>\n\t<option class=\"level-0\" value=\"rally\">Rally<\/option>\n\t<option class=\"level-0\" value=\"screening\">Screening<\/option>\n\t<option class=\"level-0\" value=\"seminar-or-talk\">Seminar or Talk<\/option>\n\t<option class=\"level-0\" value=\"tour\">Tour<\/option>\n\t<option class=\"level-0\" value=\"tournament\">Tournament<\/option>\n\t<option class=\"level-0\" value=\"tradeshow-consumer-show-or-expo\">Tradeshow, Consumer Show or Expo<\/option>\n<\/select>\n\t\t\t\t\t<\/div>\r\n\t\t\t\t<\/div>\r\n\t\t\t\t\t\t<!-- Search by event type section end -->\r\n\t\t<\/div> <!-- \/row -->\r\n\r\n\t\t\r\n\t<\/div>\r\n\t<div class=\"showing_applied_filters\"><\/div><input type=\"hidden\" name=\"trp-form-language\" value=\"en\"\/><\/form>\r\n<noscript>Your browser does not support JavaScript, or it is disabled. JavaScript must be enabled in order to view listings.<\/noscript><div class=\"wpem-main wpem-event-listings-header\">\r\n    <div class=\"wpem-row\">\r\n        <div class=\"wpem-col wpem-col-12 wpem-col-sm-6 wpem-col-md-6 wpem-col-lg-8\">\r\n            <div class=\"wpem-event-listing-header-title\">\r\n                                    <h2 class=\"wpem-heading-text\">Events<\/h2>\r\n                            <\/div>\r\n        <\/div>\r\n        <div class=\"wpem-col wpem-col-12 wpem-col-sm-6 wpem-col-md-6 wpem-col-lg-4\">\r\n            <div class=\"wpem-event-layout-action-wrapper\">\r\n                <div class=\"wpem-event-layout-action\">\r\n                                                                    <div class=\"wpem-event-layout-icon wpem-event-box-layout\" title=\"Events Box View\" id=\"wpem-event-box-layout\"><i class=\"wpem-icon-stop2\"><\/i><\/div>\r\n                        <div class=\"wpem-event-layout-icon wpem-event-list-layout wpem-active-layout\" title=\"Events List View\" id=\"wpem-event-list-layout\"><i class=\"wpem-icon-menu\"><\/i><\/div>\r\n                                                            <\/div>\r\n            <\/div>\r\n        <\/div>\r\n    <\/div>\r\n<\/div>\r\n\r\n<!-- Event listing view -->\r\n\r\n<div class=\"event_listings_main\">\r\n    <div id=\"event-listing-view\" class=\"wpem-main wpem-event-listings event_listings wpem-event-listing-list-view\" data-id=\"all\"><\/div>\r\n<div id=\"load_more_events_loader\"><a class=\"load_more_events\" id=\"load_more_events\" href=\"#\"><strong>Load more events<\/strong><\/a><\/div><\/div>\r\n<\/div><\/div>\n\t\t\t\t<\/div>\n\t\t\t\t<\/div>\n\t\t\t\t<div class=\"elementor-element elementor-element-fe68efa elementor-widget elementor-widget-heading\" data-id=\"fe68efa\" data-element_type=\"widget\" data-widget_type=\"heading.default\">\n\t\t\t\t<div class=\"elementor-widget-container\">\n\t\t\t<h4 class=\"elementor-heading-title elementor-size-default\">\"Weekly Events\"<\/h4>\t\t<\/div>\n\t\t\t\t<\/div>\n\t\t<div class=\"elementor-element elementor-element-af97eb6 e-con-full e-flex e-con e-child\" data-id=\"af97eb6\" data-element_type=\"container\">\n\t\t<div class=\"elementor-element elementor-element-3a2daaa e-grid e-con-full e-con e-child\" data-id=\"3a2daaa\" data-element_type=\"container\">\n\t\t<div class=\"elementor-element elementor-element-e185466 e-con-full e-flex e-con e-child\" data-id=\"e185466\" data-element_type=\"container\">\n\t\t\t\t<div class=\"elementor-element elementor-element-4155d88 elementor-position-top elementor-widget elementor-widget-image-box\" data-id=\"4155d88\" data-element_type=\"widget\" data-widget_type=\"image-box.default\">\n\t\t\t\t<div class=\"elementor-widget-container\">\n\t\t\t<style>\/*! elementor - v3.22.0 - 17-06-2024 *\/\n.elementor-widget-image-box .elementor-image-box-content{width:100%}@media (min-width:768px){.elementor-widget-image-box.elementor-position-left .elementor-image-box-wrapper,.elementor-widget-image-box.elementor-position-right .elementor-image-box-wrapper{display:flex}.elementor-widget-image-box.elementor-position-right .elementor-image-box-wrapper{text-align:end;flex-direction:row-reverse}.elementor-widget-image-box.elementor-position-left .elementor-image-box-wrapper{text-align:start;flex-direction:row}.elementor-widget-image-box.elementor-position-top .elementor-image-box-img{margin:auto}.elementor-widget-image-box.elementor-vertical-align-top .elementor-image-box-wrapper{align-items:flex-start}.elementor-widget-image-box.elementor-vertical-align-middle .elementor-image-box-wrapper{align-items:center}.elementor-widget-image-box.elementor-vertical-align-bottom .elementor-image-box-wrapper{align-items:flex-end}}@media (max-width:767px){.elementor-widget-image-box .elementor-image-box-img{margin-left:auto!important;margin-right:auto!important;margin-bottom:15px}}.elementor-widget-image-box .elementor-image-box-img{display:inline-block}.elementor-widget-image-box .elementor-image-box-title a{color:inherit}.elementor-widget-image-box .elementor-image-box-wrapper{text-align:center}.elementor-widget-image-box .elementor-image-box-description{margin:0}<\/style><div class=\"elementor-image-box-wrapper\"><figure class=\"elementor-image-box-img\"><img fetchpriority=\"high\" decoding=\"async\" width=\"1418\" height=\"900\" src=\"https:\/\/miamipres.org\/wp-content\/uploads\/2024\/07\/441554448_10234412366990763_630943702484641675_n-e1720913854486.jpg\" class=\"attachment-full size-full wp-image-1253\" alt=\"\" \/><\/figure><div class=\"elementor-image-box-content\"><h3 class=\"elementor-image-box-title\">WORSHIP SERVICE<\/h3><p class=\"elementor-image-box-description\">Each Sunday<\/p><\/div><\/div>\t\t<\/div>\n\t\t\t\t<\/div>\n\t\t\t\t<\/div>\n\t\t<div class=\"elementor-element elementor-element-7a71b18 e-con-full e-flex e-con e-child\" data-id=\"7a71b18\" data-element_type=\"container\">\n\t\t\t\t<div class=\"elementor-element elementor-element-5dc7c83 elementor-position-top elementor-widget elementor-widget-image-box\" data-id=\"5dc7c83\" data-element_type=\"widget\" data-widget_type=\"image-box.default\">\n\t\t\t\t<div class=\"elementor-widget-container\">\n\t\t\t<div class=\"elementor-image-box-wrapper\"><figure class=\"elementor-image-box-img\"><a href=\"https:\/\/miamipres.org\/en\/events\/\" target=\"_blank\" rel=\"nofollow\" tabindex=\"-1\"><img decoding=\"async\" width=\"1024\" height=\"687\" src=\"https:\/\/miamipres.org\/wp-content\/uploads\/2024\/06\/Designer-4-e1720913887173.png\" class=\"attachment-full size-full wp-image-911\" alt=\"\" \/><\/a><\/figure><div class=\"elementor-image-box-content\"><h3 class=\"elementor-image-box-title\"><a href=\"https:\/\/miamipres.org\/en\/events\/\" target=\"_blank\" rel=\"nofollow\">BIBLICAL KAIROS<\/a><\/h3><p class=\"elementor-image-box-description\">Every Tuesday In person or by Google Meet.\n\nHours: 7:30 \u2013 8:30pm\n\nTime Zone: America\/New York<\/p><\/div><\/div>\t\t<\/div>\n\t\t\t\t<\/div>\n\t\t\t\t<div class=\"elementor-element elementor-element-fcbde94 elementor-align-center elementor-widget elementor-widget-button\" data-id=\"fcbde94\" data-element_type=\"widget\" data-widget_type=\"button.default\">\n\t\t\t\t<div class=\"elementor-widget-container\">\n\t\t\t\t\t<div class=\"elementor-button-wrapper\">\n\t\t\t<a class=\"elementor-button elementor-button-link elementor-size-sm\" href=\"https:\/\/meet.google.com\/kjz-rbqe-hgw\">\n\t\t\t\t\t\t<span class=\"elementor-button-content-wrapper\">\n\t\t\t\t\t\t\t\t\t<span class=\"elementor-button-text\">join<\/span>\n\t\t\t\t\t<\/span>\n\t\t\t\t\t<\/a>\n\t\t<\/div>\n\t\t\t\t<\/div>\n\t\t\t\t<\/div>\n\t\t\t\t<\/div>\n\t\t\t\t<\/div>\n\t\t\t\t<\/div>\n\t\t\t\t<\/div>\n\t\t\t\t<\/div>\n\t\t\t\t\t<\/div>\n\t\t\t\t<\/div>\n\t\t\t\t<\/div>","protected":false},"excerpt":{"rendered":"<p>\u00abDescubre los Eventos Destacados y Pr\u00f3ximos Eventos en la Iglesia. \u00danete a nuestras actividades y celebra con nosotros. Consulta nuestro calendario de eventos y reg\u00edstrate ahora.\u00bb \u00abVer c\u00f3mo nuestra comunidad celebra y crece juntos es una verdadera inspiraci\u00f3n.\u00bb \u00abEventos Destacados\u00bb \u00abEventos Semanales\u00bb SERVICIO DE ADORACI\u00d3N Cada domingo KAIROS B\u00cdBLICO Cada Martes Presencial o por Google [&hellip;]<\/p>","protected":false},"author":1,"featured_media":0,"parent":0,"menu_order":0,"comment_status":"closed","ping_status":"closed","template":"","meta":{"site-sidebar-layout":"no-sidebar","site-content-layout":"page-builder","ast-site-content-layout":"full-width-container","site-content-style":"unboxed","site-sidebar-style":"unboxed","ast-global-header-display":"","ast-banner-title-visibility":"","ast-main-header-display":"","ast-hfb-above-header-display":"","ast-hfb-below-header-display":"","ast-hfb-mobile-header-display":"","site-post-title":"disabled","ast-breadcrumbs-content":"disabled","ast-featured-img":"disabled","footer-sml-layout":"","theme-transparent-header-meta":"enabled","adv-header-id-meta":"","stick-header-meta":"","header-above-stick-meta":"","header-main-stick-meta":"","header-below-stick-meta":"","astra-migrate-meta-layouts":"set","ast-page-background-enabled":"default","ast-page-background-meta":{"desktop":{"background-color":"","background-image":"","background-repeat":"repeat","background-position":"center center","background-size":"auto","background-attachment":"scroll","background-type":"","background-media":"","overlay-type":"","overlay-color":"","overlay-opacity":"","overlay-gradient":""},"tablet":{"background-color":"","background-image":"","background-repeat":"repeat","background-position":"center center","background-size":"auto","background-attachment":"scroll","background-type":"","background-media":"","overlay-type":"","overlay-color":"","overlay-opacity":"","overlay-gradient":""},"mobile":{"background-color":"","background-image":"","background-repeat":"repeat","background-position":"center center","background-size":"auto","background-attachment":"scroll","background-type":"","background-media":"","overlay-type":"","overlay-color":"","overlay-opacity":"","overlay-gradient":""}},"ast-content-background-meta":{"desktop":{"background-color":"var(--ast-global-color-5)","background-image":"","background-repeat":"repeat","background-position":"center center","background-size":"auto","background-attachment":"scroll","background-type":"","background-media":"","overlay-type":"","overlay-color":"","overlay-opacity":"","overlay-gradient":""},"tablet":{"background-color":"var(--ast-global-color-5)","background-image":"","background-repeat":"repeat","background-position":"center center","background-size":"auto","background-attachment":"scroll","background-type":"","background-media":"","overlay-type":"","overlay-color":"","overlay-opacity":"","overlay-gradient":""},"mobile":{"background-color":"var(--ast-global-color-5)","background-image":"","background-repeat":"repeat","background-position":"center center","background-size":"auto","background-attachment":"scroll","background-type":"","background-media":"","overlay-type":"","overlay-color":"","overlay-opacity":"","overlay-gradient":""}},"footnotes":""},"rttpg_featured_image_url":null,"rttpg_author":{"display_name":"Admin","author_link":"https:\/\/miamipres.org\/en\/author\/user\/"},"rttpg_comment":0,"rttpg_category":null,"rttpg_excerpt":"\u00abDescubre los Eventos Destacados y Pr\u00f3ximos Eventos en la Iglesia. \u00danete a nuestras actividades y celebra con nosotros. Consulta nuestro calendario de eventos y reg\u00edstrate ahora.\u00bb \u00abVer c\u00f3mo nuestra comunidad celebra y crece juntos es una verdadera inspiraci\u00f3n.\u00bb \u00abEventos Destacados\u00bb \u00abEventos Semanales\u00bb SERVICIO DE ADORACI\u00d3N Cada domingo KAIROS B\u00cdBLICO Cada Martes Presencial o por Google&hellip;","_links":{"self":[{"href":"https:\/\/miamipres.org\/en\/wp-json\/wp\/v2\/pages\/388"}],"collection":[{"href":"https:\/\/miamipres.org\/en\/wp-json\/wp\/v2\/pages"}],"about":[{"href":"https:\/\/miamipres.org\/en\/wp-json\/wp\/v2\/types\/page"}],"author":[{"embeddable":true,"href":"https:\/\/miamipres.org\/en\/wp-json\/wp\/v2\/users\/1"}],"replies":[{"embeddable":true,"href":"https:\/\/miamipres.org\/en\/wp-json\/wp\/v2\/comments?post=388"}],"version-history":[{"count":77,"href":"https:\/\/miamipres.org\/en\/wp-json\/wp\/v2\/pages\/388\/revisions"}],"predecessor-version":[{"id":1760,"href":"https:\/\/miamipres.org\/en\/wp-json\/wp\/v2\/pages\/388\/revisions\/1760"}],"wp:attachment":[{"href":"https:\/\/miamipres.org\/en\/wp-json\/wp\/v2\/media?parent=388"}],"curies":[{"name":"wp","href":"https:\/\/api.w.org\/{rel}","templated":true}]}}